{"id":69,"date":"2024-06-07T14:06:46","date_gmt":"2024-06-07T12:06:46","guid":{"rendered":"https:\/\/legal-km.pl\/contact\/"},"modified":"2026-03-02T20:09:53","modified_gmt":"2026-03-02T19:09:53","slug":"kontakt","status":"publish","type":"page","link":"https:\/\/legal-km.pl\/en\/kontakt\/","title":{"rendered":"Contact"},"content":{"rendered":"<div class=\"wp-block-uagb-container uagb-block-ea0b1b0a alignfull uagb-is-root-container\"><div class=\"uagb-container-inner-blocks-wrap\">\n<div class=\"wp-block-uagb-advanced-heading uagb-block-0766ba63\"><h1 class=\"uagb-heading-text\">Contact<\/h1><\/div>\n<\/div><\/div>\n\n\n\n<div class=\"wp-block-uagb-container uagb-block-b904a49d alignfull uagb-is-root-container\"><div class=\"uagb-container-inner-blocks-wrap\">\n<div class=\"wp-block-uagb-container uagb-block-e0a940a4\">\n<div class=\"wp-block-uagb-advanced-heading uagb-block-a87b494a\"><h2 class=\"uagb-heading-text\">You can find us here<\/h2><\/div>\n\n\n\n<div class=\"wp-block-uagb-info-box uagb-block-734f26cd uagb-infobox__content-wrap  uagb-infobox-icon-left uagb-infobox-left uagb-infobox-image-valign-top\"><div class=\"uagb-ifb-icon-wrap\"><svg xmlns=\"https:\/\/www.w3.org\/2000\/svg\" viewbox=\"0 0 512 512\"><path d=\"M384 0H96C60.65 0 32 28.65 32 64v384c0 35.35 28.65 64 64 64h288c35.35 0 64-28.65 64-64V64C448 28.65 419.3 0 384 0zM240 128c35.35 0 64 28.65 64 64s-28.65 64-64 64c-35.34 0-64-28.65-64-64S204.7 128 240 128zM336 384h-192C135.2 384 128 376.8 128 368C128 323.8 163.8 288 208 288h64c44.18 0 80 35.82 80 80C352 376.8 344.8 384 336 384zM496 64H480v96h16C504.8 160 512 152.8 512 144v-64C512 71.16 504.8 64 496 64zM496 192H480v96h16C504.8 288 512 280.8 512 272v-64C512 199.2 504.8 192 496 192zM496 320H480v96h16c8.836 0 16-7.164 16-16v-64C512 327.2 504.8 320 496 320z\"><\/path><\/svg><\/div><div class=\"uagb-ifb-content\"><div class=\"uagb-ifb-title-wrap\"><h4 class=\"uagb-ifb-title\">Address<\/h4><\/div><p class=\"uagb-ifb-desc\">Kancelaria Radcy Prawnego Katarzyna Miko\u0142ajczyk<br>ul. Jesionowa 9A<br>40-159 Katowice<br>NIP: 631 251 61 71<br>REGON: 521064643<\/p><\/div><\/div>\n\n\n\n<div class=\"wp-block-uagb-info-box uagb-block-a55d180c uagb-infobox__content-wrap  uagb-infobox-icon-left uagb-infobox-left uagb-infobox-image-valign-top\"><div class=\"uagb-ifb-icon-wrap\"><svg xmlns=\"https:\/\/www.w3.org\/2000\/svg\" viewbox=\"0 0 512 512\"><path d=\"M256 512C114.6 512 0 397.4 0 256C0 114.6 114.6 0 256 0C397.4 0 512 114.6 512 256C512 397.4 397.4 512 256 512zM232 256C232 264 236 271.5 242.7 275.1L338.7 339.1C349.7 347.3 364.6 344.3 371.1 333.3C379.3 322.3 376.3 307.4 365.3 300L280 243.2V120C280 106.7 269.3 96 255.1 96C242.7 96 231.1 106.7 231.1 120L232 256z\"><\/path><\/svg><\/div><div class=\"uagb-ifb-content\"><div class=\"uagb-ifb-title-wrap\"><h4 class=\"uagb-ifb-title\">Contact<\/h4><\/div><p class=\"uagb-ifb-desc\">Phone: +48 506 668 754<br>Email: katarzyna.mikolajczyk@legal-km.pl<\/p><\/div><\/div>\n<\/div>\n\n\n\n<div class=\"wp-block-uagb-container uagb-block-728908c5\">\n<div class=\"wp-block-uagb-advanced-heading uagb-block-79781852\"><h2 class=\"uagb-heading-text\">Wy\u015blij do nas wiadomo\u015b\u0107<\/h2><\/div>\n\n\n<style id=\"wpforms-css-vars-1100-block-bc0b426a-5882-4a65-945e-96ab28a88b9e\">\n\t\t\t\t#wpforms-1100.wpforms-block-bc0b426a-5882-4a65-945e-96ab28a88b9e {\n\t\t\t\t--wpforms-label-color: var(--ast-global-color-5);\n--wpforms-label-sublabel-color: var(--ast-global-color-5);\n--wpforms-label-error-color: #ff0000;\n--wpforms-page-break-color: #dddddd;\n--wpforms-field-border-radius: 2px;\n--wpforms-field-border-color: #cccccc;\n--wpforms-field-border-color-spare: #cccccc;\n--wpforms-field-text-color: #444444;\n--wpforms-button-border-style: solid;\n--wpforms-button-border-radius: 0px;\n--wpforms-button-background-color: var(--ast-global-color-0);\n--wpforms-button-text-color: var(--ast-global-color-5);\n--wpforms-button-border-color: #cccccc;\n--wpforms-field-size-input-height: 50px;\n--wpforms-field-size-input-spacing: 20px;\n--wpforms-field-size-font-size: 18px;\n--wpforms-field-size-line-height: 21px;\n--wpforms-field-size-padding-h: 14px;\n--wpforms-field-size-checkbox-size: 18px;\n--wpforms-field-size-sublabel-spacing: 10px;\n--wpforms-field-size-icon-size: 1.25;\n--wpforms-label-size-font-size: 16px;\n--wpforms-label-size-line-height: 19px;\n--wpforms-label-size-sublabel-font-size: 14px;\n--wpforms-label-size-sublabel-line-height: 17px;\n--wpforms-button-size-font-size: 17px;\n--wpforms-button-size-height: 41px;\n--wpforms-button-size-padding-h: 15px;\n--wpforms-button-size-margin-top: 10px;\n\t\t\t}\n\t\t\t<\/style><div class=\"wpforms-container wpforms-container-full wpforms-block wpforms-block-bc0b426a-5882-4a65-945e-96ab28a88b9e wpforms-render-modern\" id=\"wpforms-1100\"><form id=\"wpforms-form-1100\" class=\"wpforms-validate wpforms-form wpforms-ajax-form\" data-formid=\"1100\" method=\"post\" enctype=\"multipart\/form-data\" action=\"\/en\/wp-json\/wp\/v2\/pages\/69\" data-token=\"58c1fc1b02cdd7b9f1dbbcf10e764e6e\" data-token-time=\"1776503778\" data-trp-original-action=\"\/en\/wp-json\/wp\/v2\/pages\/69\"><noscript class=\"wpforms-error-noscript\">Please enable JavaScript in your browser to complete this form.<\/noscript><div id=\"wpforms-error-noscript\" style=\"display: none;\">Please enable JavaScript in your browser to complete this form.<\/div><div class=\"wpforms-field-container\"><div id=\"wpforms-1100-field_0-container\" class=\"wpforms-field wpforms-field-name\" data-field-id=\"0\"><label class=\"wpforms-field-label\" for=\"wpforms-1100-field_0\">Name <span class=\"wpforms-required-label\" aria-hidden=\"true\">*<\/span><\/label><input type=\"text\" id=\"wpforms-1100-field_0\" class=\"wpforms-field-large wpforms-field-required\" name=\"wpforms[fields][0]\" aria-errormessage=\"wpforms-1100-field_0-error\" required><\/div><div id=\"wpforms-1100-field_1-container\" class=\"wpforms-field wpforms-field-email\" data-field-id=\"1\"><label class=\"wpforms-field-label\" for=\"wpforms-1100-field_1\">Adres e-mail <span class=\"wpforms-required-label\" aria-hidden=\"true\">*<\/span><\/label><input type=\"email\" id=\"wpforms-1100-field_1\" class=\"wpforms-field-large wpforms-field-required\" name=\"wpforms[fields][1]\" spellcheck=\"false\" aria-errormessage=\"wpforms-1100-field_1-error\" required><\/div><div id=\"wpforms-1100-field_2-container\" class=\"wpforms-field wpforms-field-textarea\" data-field-id=\"2\"><label class=\"wpforms-field-label\" for=\"wpforms-1100-field_2\">Message <span class=\"wpforms-required-label\" aria-hidden=\"true\">*<\/span><\/label><textarea id=\"wpforms-1100-field_2\" class=\"wpforms-field-medium wpforms-field-required\" name=\"wpforms[fields][2]\" aria-errormessage=\"wpforms-1100-field_2-error\" required><\/textarea><\/div><\/div><!-- .wpforms-field-container --><div class=\"wpforms-submit-container\" ><input type=\"hidden\" name=\"wpforms[id]\" value=\"1100\"><input type=\"hidden\" name=\"page_title\" value=\"\"><input type=\"hidden\" name=\"page_url\" value=\"https:\/\/legal-km.pl\/en\/wp-json\/wp\/v2\/pages\/69\"><input type=\"hidden\" name=\"url_referer\" value=\"\"><button type=\"submit\" name=\"wpforms[submit]\" id=\"wpforms-submit-1100\" class=\"wpforms-submit\" data-alt-text=\"Wysy\u0142anie...\" data-submit-text=\"Prze\u015blij\" aria-live=\"assertive\" value=\"wpforms-submit\">Prze\u015blij<\/button><img loading=\"lazy\" decoding=\"async\" src=\"https:\/\/legal-km.pl\/wp-content\/plugins\/wpforms-lite\/assets\/images\/submit-spin.svg\" class=\"wpforms-submit-spinner\" style=\"display: none;\" width=\"26\" height=\"26\" alt=\"Loading\"><\/div><input type=\"hidden\" name=\"trp-form-language\" value=\"en\"\/><\/form><\/div>  <!-- .wpforms-container --><\/div>\n<\/div><\/div>\n\n\n\n<div class=\"wp-block-uagb-container uagb-block-e8e31fa0 alignfull uagb-is-root-container\">\t\t\t<div \n\t\t\tclass=\"wp-block-uagb-google-map uagb-google-map__wrap uagb-block-807f87c6\"\n\t\t\tstyle=\"\" >\n\t\t\t\t<embed\n\t\t\t\t\tclass=\"uagb-google-map__iframe\"\n\t\t\t\t\ttitle=\"Google Map for \"\n\t\t\t\t\tsrc=\"https:\/\/maps.google.com\/maps?q=Katowice%20kancelaria%20radcy%20prawnego%20Katarzyna%20Miko%C5%82ajczyk&#038;z=12&#038;hl=pl&#038;t=m&#038;output=embed&#038;iwloc=near\"\n\t\t\t\t\twidth=\"640\"\n\t\t\t\t\theight=\"400\"\n\t\t\t\t\tloading=\"lazy\"\n\t\t\t\t><\/embed>\n\t\t\t<\/div>\n\t\t\t<\/div>","protected":false},"excerpt":{"rendered":"<p>Kontakt Znajdziesz nas tutaj Wy\u015blij do nas wiadomo\u015b\u0107<\/p>","protected":false},"author":1,"featured_media":0,"parent":0,"menu_order":0,"comment_status":"closed","ping_status":"closed","template":"","meta":{"_uag_custom_page_level_css":"","site-sidebar-layout":"no-sidebar","site-content-layout":"plain-container","ast-site-content-layout":"normal-width-container","site-content-style":"unboxed","site-sidebar-style":"unboxed","ast-global-header-display":"","ast-banner-title-visibility":"","ast-main-header-display":"","ast-hfb-above-header-display":"","ast-hfb-below-header-display":"","ast-hfb-mobile-header-display":"","site-post-title":"disabled","ast-breadcrumbs-content":"","ast-featured-img":"disabled","footer-sml-layout":"","theme-transparent-header-meta":"enabled","adv-header-id-meta":"","stick-header-meta":"","header-above-stick-meta":"","header-main-stick-meta":"","header-below-stick-meta":"","astra-migrate-meta-layouts":"set","ast-page-background-enabled":"default","ast-page-background-meta":{"desktop":{"background-color":"var(--ast-global-color-4)","background-image":"","background-repeat":"repeat","background-position":"center center","background-size":"auto","background-attachment":"scroll","background-type":"","background-media":"","overlay-type":"","overlay-color":"","overlay-opacity":"","overlay-gradient":""},"tablet":{"background-color":"","background-image":"","background-repeat":"repeat","background-position":"center center","background-size":"auto","background-attachment":"scroll","background-type":"","background-media":"","overlay-type":"","overlay-color":"","overlay-opacity":"","overlay-gradient":""},"mobile":{"background-color":"","background-image":"","background-repeat":"repeat","background-position":"center center","background-size":"auto","background-attachment":"scroll","background-type":"","background-media":"","overlay-type":"","overlay-color":"","overlay-opacity":"","overlay-gradient":""}},"ast-content-background-meta":{"desktop":{"background-color":"var(--ast-global-color-5)","background-image":"","background-repeat":"repeat","background-position":"center center","background-size":"auto","background-attachment":"scroll","background-type":"","background-media":"","overlay-type":"","overlay-color":"","overlay-opacity":"","overlay-gradient":""},"tablet":{"background-color":"var(--ast-global-color-5)","background-image":"","background-repeat":"repeat","background-position":"center center","background-size":"auto","background-attachment":"scroll","background-type":"","background-media":"","overlay-type":"","overlay-color":"","overlay-opacity":"","overlay-gradient":""},"mobile":{"background-color":"var(--ast-global-color-5)","background-image":"","background-repeat":"repeat","background-position":"center center","background-size":"auto","background-attachment":"scroll","background-type":"","background-media":"","overlay-type":"","overlay-color":"","overlay-opacity":"","overlay-gradient":""}},"footnotes":""},"class_list":["post-69","page","type-page","status-publish","hentry"],"yoast_head":"<!-- This site is optimized with the Yoast SEO plugin v24.3 - https:\/\/yoast.com\/wordpress\/plugins\/seo\/ -->\n<title>Kontakt - Radca prawny Katarzyna Miko\u0142ajczyk<\/title>\n<meta name=\"robots\" content=\"index, follow, max-snippet:-1, max-image-preview:large, max-video-preview:-1\" \/>\n<link rel=\"canonical\" href=\"https:\/\/legal-km.pl\/en\/kontakt\/\" \/>\n<meta property=\"og:locale\" content=\"en_US\" \/>\n<meta property=\"og:type\" content=\"article\" \/>\n<meta property=\"og:title\" content=\"Kontakt - Radca prawny Katarzyna Miko\u0142ajczyk\" \/>\n<meta property=\"og:description\" content=\"Kontakt Znajdziesz nas tutaj Wy\u015blij do nas wiadomo\u015b\u0107\" \/>\n<meta property=\"og:url\" content=\"https:\/\/legal-km.pl\/en\/kontakt\/\" \/>\n<meta property=\"og:site_name\" content=\"Radca prawny Katarzyna Miko\u0142ajczyk\" \/>\n<meta property=\"article:modified_time\" content=\"2026-03-02T19:09:53+00:00\" \/>\n<meta name=\"twitter:card\" content=\"summary_large_image\" \/>\n<meta name=\"twitter:label1\" content=\"Est. reading time\" \/>\n\t<meta name=\"twitter:data1\" content=\"1 minute\" \/>\n<script type=\"application\/ld+json\" class=\"yoast-schema-graph\">{\"@context\":\"https:\/\/schema.org\",\"@graph\":[{\"@type\":\"WebPage\",\"@id\":\"https:\/\/legal-km.pl\/kontakt\/\",\"url\":\"https:\/\/legal-km.pl\/kontakt\/\",\"name\":\"Kontakt - Radca prawny Katarzyna Miko\u0142ajczyk\",\"isPartOf\":{\"@id\":\"https:\/\/legal-km.pl\/#website\"},\"datePublished\":\"2024-06-07T12:06:46+00:00\",\"dateModified\":\"2026-03-02T19:09:53+00:00\",\"breadcrumb\":{\"@id\":\"https:\/\/legal-km.pl\/kontakt\/#breadcrumb\"},\"inLanguage\":\"en-US\",\"potentialAction\":[{\"@type\":\"ReadAction\",\"target\":[\"https:\/\/legal-km.pl\/kontakt\/\"]}]},{\"@type\":\"BreadcrumbList\",\"@id\":\"https:\/\/legal-km.pl\/kontakt\/#breadcrumb\",\"itemListElement\":[{\"@type\":\"ListItem\",\"position\":1,\"name\":\"Strona g\u0142\u00f3wna\",\"item\":\"https:\/\/legal-km.pl\/\"},{\"@type\":\"ListItem\",\"position\":2,\"name\":\"Kontakt\"}]},{\"@type\":\"WebSite\",\"@id\":\"https:\/\/legal-km.pl\/#website\",\"url\":\"https:\/\/legal-km.pl\/\",\"name\":\"Kancelaria radcy prawnego Katarzyna Miko\u0142ajczyk | Radca prawny, pomoc prawnicza - Gliwice\",\"description\":\"\",\"publisher\":{\"@id\":\"https:\/\/legal-km.pl\/#organization\"},\"potentialAction\":[{\"@type\":\"SearchAction\",\"target\":{\"@type\":\"EntryPoint\",\"urlTemplate\":\"https:\/\/legal-km.pl\/?s={search_term_string}\"},\"query-input\":{\"@type\":\"PropertyValueSpecification\",\"valueRequired\":true,\"valueName\":\"search_term_string\"}}],\"inLanguage\":\"en-US\"},{\"@type\":\"Organization\",\"@id\":\"https:\/\/legal-km.pl\/#organization\",\"name\":\"Kancelaria radcy prawnego Katarzyna Miko\u0142ajczyk\",\"url\":\"https:\/\/legal-km.pl\/\",\"logo\":{\"@type\":\"ImageObject\",\"inLanguage\":\"en-US\",\"@id\":\"https:\/\/legal-km.pl\/#\/schema\/logo\/image\/\",\"url\":\"https:\/\/legal-km.pl\/wp-content\/uploads\/2024\/06\/KM_pion_gold.png\",\"contentUrl\":\"https:\/\/legal-km.pl\/wp-content\/uploads\/2024\/06\/KM_pion_gold.png\",\"width\":8334,\"height\":8334,\"caption\":\"Kancelaria radcy prawnego Katarzyna Miko\u0142ajczyk\"},\"image\":{\"@id\":\"https:\/\/legal-km.pl\/#\/schema\/logo\/image\/\"},\"sameAs\":[\"https:\/\/www.linkedin.com\/in\/katarzyna-mikolajczyk\"]}]}<\/script>\n<!-- \/ Yoast SEO plugin. -->","yoast_head_json":{"title":"Kontakt - Radca prawny Katarzyna Miko\u0142ajczyk","robots":{"index":"index","follow":"follow","max-snippet":"max-snippet:-1","max-image-preview":"max-image-preview:large","max-video-preview":"max-video-preview:-1"},"canonical":"https:\/\/legal-km.pl\/en\/kontakt\/","og_locale":"en_US","og_type":"article","og_title":"Kontakt - Radca prawny Katarzyna Miko\u0142ajczyk","og_description":"Kontakt Znajdziesz nas tutaj Wy\u015blij do nas wiadomo\u015b\u0107","og_url":"https:\/\/legal-km.pl\/en\/kontakt\/","og_site_name":"Radca prawny Katarzyna Miko\u0142ajczyk","article_modified_time":"2026-03-02T19:09:53+00:00","twitter_card":"summary_large_image","twitter_misc":{"Est. reading time":"1 minute"},"schema":{"@context":"https:\/\/schema.org","@graph":[{"@type":"WebPage","@id":"https:\/\/legal-km.pl\/kontakt\/","url":"https:\/\/legal-km.pl\/kontakt\/","name":"Kontakt - Radca prawny Katarzyna Miko\u0142ajczyk","isPartOf":{"@id":"https:\/\/legal-km.pl\/#website"},"datePublished":"2024-06-07T12:06:46+00:00","dateModified":"2026-03-02T19:09:53+00:00","breadcrumb":{"@id":"https:\/\/legal-km.pl\/kontakt\/#breadcrumb"},"inLanguage":"en-US","potentialAction":[{"@type":"ReadAction","target":["https:\/\/legal-km.pl\/kontakt\/"]}]},{"@type":"BreadcrumbList","@id":"https:\/\/legal-km.pl\/kontakt\/#breadcrumb","itemListElement":[{"@type":"ListItem","position":1,"name":"Strona g\u0142\u00f3wna","item":"https:\/\/legal-km.pl\/"},{"@type":"ListItem","position":2,"name":"Kontakt"}]},{"@type":"WebSite","@id":"https:\/\/legal-km.pl\/#website","url":"https:\/\/legal-km.pl\/","name":"Kancelaria radcy prawnego Katarzyna Miko\u0142ajczyk | Radca prawny, pomoc prawnicza - Gliwice","description":"","publisher":{"@id":"https:\/\/legal-km.pl\/#organization"},"potentialAction":[{"@type":"SearchAction","target":{"@type":"EntryPoint","urlTemplate":"https:\/\/legal-km.pl\/?s={search_term_string}"},"query-input":{"@type":"PropertyValueSpecification","valueRequired":true,"valueName":"search_term_string"}}],"inLanguage":"en-US"},{"@type":"Organization","@id":"https:\/\/legal-km.pl\/#organization","name":"Kancelaria radcy prawnego Katarzyna Miko\u0142ajczyk","url":"https:\/\/legal-km.pl\/","logo":{"@type":"ImageObject","inLanguage":"en-US","@id":"https:\/\/legal-km.pl\/#\/schema\/logo\/image\/","url":"https:\/\/legal-km.pl\/wp-content\/uploads\/2024\/06\/KM_pion_gold.png","contentUrl":"https:\/\/legal-km.pl\/wp-content\/uploads\/2024\/06\/KM_pion_gold.png","width":8334,"height":8334,"caption":"Kancelaria radcy prawnego Katarzyna Miko\u0142ajczyk"},"image":{"@id":"https:\/\/legal-km.pl\/#\/schema\/logo\/image\/"},"sameAs":["https:\/\/www.linkedin.com\/in\/katarzyna-mikolajczyk"]}]}},"uagb_featured_image_src":{"full":false,"thumbnail":false,"medium":false,"medium_large":false,"large":false,"1536x1536":false,"2048x2048":false,"trp-custom-language-flag":false},"uagb_author_info":{"display_name":"Szymon Zelent","author_link":"https:\/\/legal-km.pl\/en\/author\/szezilla\/"},"uagb_comment_info":0,"uagb_excerpt":"Kontakt Znajdziesz nas tutaj Wy\u015blij do nas wiadomo\u015b\u0107","_links":{"self":[{"href":"https:\/\/legal-km.pl\/en\/wp-json\/wp\/v2\/pages\/69"}],"collection":[{"href":"https:\/\/legal-km.pl\/en\/wp-json\/wp\/v2\/pages"}],"about":[{"href":"https:\/\/legal-km.pl\/en\/wp-json\/wp\/v2\/types\/page"}],"author":[{"embeddable":true,"href":"https:\/\/legal-km.pl\/en\/wp-json\/wp\/v2\/users\/1"}],"replies":[{"embeddable":true,"href":"https:\/\/legal-km.pl\/en\/wp-json\/wp\/v2\/comments?post=69"}],"version-history":[{"count":19,"href":"https:\/\/legal-km.pl\/en\/wp-json\/wp\/v2\/pages\/69\/revisions"}],"predecessor-version":[{"id":1171,"href":"https:\/\/legal-km.pl\/en\/wp-json\/wp\/v2\/pages\/69\/revisions\/1171"}],"wp:attachment":[{"href":"https:\/\/legal-km.pl\/en\/wp-json\/wp\/v2\/media?parent=69"}],"curies":[{"name":"wp","href":"https:\/\/api.w.org\/{rel}","templated":true}]}}