{"id":66,"date":"2024-06-07T14:06:46","date_gmt":"2024-06-07T12:06:46","guid":{"rendered":"https:\/\/legal-km.pl\/about\/"},"modified":"2026-03-02T20:11:43","modified_gmt":"2026-03-02T19:11:43","slug":"kancelaria-radcy-prawnego-katarzyna-mikolajczyk-o-kancelarii","status":"publish","type":"page","link":"https:\/\/legal-km.pl\/en\/kancelaria-radcy-prawnego-katarzyna-mikolajczyk-o-kancelarii\/","title":{"rendered":"About Us"},"content":{"rendered":"<div class=\"wp-block-uagb-container uagb-block-80a45300 alignfull uagb-is-root-container\"><div class=\"uagb-container-inner-blocks-wrap\">\n<div class=\"wp-block-uagb-advanced-heading uagb-block-c058df85\"><h1 class=\"uagb-heading-text\">About Us<\/h1><\/div>\n<\/div><\/div>\n\n\n\n<div class=\"wp-block-uagb-container uagb-block-e7f18e9f alignfull uagb-is-root-container\"><div class=\"uagb-container-inner-blocks-wrap\">\n<div class=\"wp-block-uagb-container uagb-block-9f59cdfd\">\n<div class=\"wp-block-uagb-info-box uagb-block-01da6c10 uagb-infobox__content-wrap  uagb-infobox-icon-above-title uagb-infobox-image-valign-top\"><div class=\"uagb-ifb-content\"><div class=\"uagb-ifb-title-wrap\"><h2 class=\"uagb-ifb-title\">About Us<\/h2><\/div><p class=\"uagb-ifb-desc\">We offer specialized legal services for entrepreneurs and individual clients in many areas of law. <br>The office is located in Katowice and serves clients both in the Silesian agglomeration and throughout Poland.&nbsp;<br><br>We meet the dynamic development of the market, supporting our clients and recommending innovative legal solutions.&nbsp;<br><br>We cooperate only with experienced experts, including notaries, bailiffs and tax advisors with established practice, to ensure that our clients receive the highest quality services.<br><br>We invite you to <a href=\"\/en\/kontakt\/\">contact us<\/a> and learn more about <a href=\"\/en\/#uslugiprawne\">our offer.<\/a>.<br><br><\/p><div class=\"uagb-ifb-separator\"><\/div><\/div><\/div>\n<\/div>\n\n\n\n<div class=\"wp-block-uagb-container uag-hide-tab uag-blocks-common-selector uagb-block-c7ee0ae1\">\n<div class=\"wp-block-uagb-image alignright uagb-block-edcc6b0d wp-block-uagb-image--layout-default wp-block-uagb-image--effect-static wp-block-uagb-image--align-right\"><figure class=\"wp-block-uagb-image__figure\"><img decoding=\"async\" srcset=\"https:\/\/legal-km.pl\/wp-content\/uploads\/2024\/06\/a7-cropped.webp ,https:\/\/legal-km.pl\/wp-content\/uploads\/2024\/06\/a7-cropped.webp 780w, https:\/\/legal-km.pl\/wp-content\/uploads\/2024\/06\/a7-cropped.webp 360w\" sizes=\"(max-width: 480px) 150px\" src=\"https:\/\/legal-km.pl\/wp-content\/uploads\/2024\/06\/a7-cropped.webp\" alt=\"Radca prawny Katarzyna Miko\u0142ajczyk\" class=\"uag-image-563\" width=\"640\" height=\"550\" title=\"Radca prawny Katarzyna Miko\u0142ajczyk\" loading=\"lazy\" role=\"img\"\/><\/figure><\/div>\n<\/div>\n<\/div><\/div>\n\n\n\n<div id=\"Formularz\" class=\"wp-block-uagb-container uagb-block-9ea6f29c alignfull uagb-is-root-container\">\n<div class=\"wp-block-uagb-container uagb-block-6485d83b\">\n<div class=\"wp-block-uagb-advanced-heading uagb-block-d1a03abd\"><h2 class=\"uagb-heading-text\">Contact us<\/h2><\/div>\n<\/div>\n\n\n\n<div class=\"wp-block-uagb-container uagb-block-2bc495be alignfull uagb-is-root-container\">\n<div class=\"wp-block-uagb-container mapagrayscale uagb-block-813a5bc1\">\t\t\t<div \n\t\t\tclass=\"wp-block-uagb-google-map uagb-google-map__wrap uagb-block-1c466013\"\n\t\t\tstyle=\"\" >\n\t\t\t\t<embed\n\t\t\t\t\tclass=\"uagb-google-map__iframe\"\n\t\t\t\t\ttitle=\"Google Map for \"\n\t\t\t\t\tsrc=\"https:\/\/maps.google.com\/maps?q=Katowice%20kancelaria%20radcy%20prawnego%20Katarzyna%20Miko%C5%82ajczyk&#038;z=17&#038;hl=pl&#038;t=m&#038;output=embed&#038;iwloc=near\"\n\t\t\t\t\twidth=\"640\"\n\t\t\t\t\theight=\"550\"\n\t\t\t\t\tloading=\"lazy\"\n\t\t\t\t><\/embed>\n\t\t\t<\/div>\n\t\t\t<\/div>\n\n\n\n<div class=\"wp-block-uagb-forms uagb-forms__outer-wrap uagb-block-4a751392 uagb-forms__medium-btn\"><form class=\"uagb-forms-main-form\" method=\"post\" autocomplete=\"on\" name=\"uagb-form-4a751392\" action=\"\">\n<div class=\"wp-block-uagb-forms-name uagb-forms-name-wrap uagb-forms-field-set uagb-block-18b9ca8d\"><div class=\"uagb-forms-name-label required uagb-forms-input-label\" id=\"18b9ca8d\">Name<\/div><input type=\"text\" placeholder=\"Your Name\" required class=\"uagb-forms-name-input uagb-forms-input\" name=\"18b9ca8d\" autocomplete=\"given-name\"\/><\/div>\n\n\n\n<div class=\"wp-block-uagb-forms-email uagb-forms-email-wrap uagb-forms-field-set uagb-block-7a7a85dd\"><div class=\"uagb-forms-email-label required uagb-forms-input-label\" id=\"7a7a85dd\">Email<\/div><input type=\"email\" class=\"uagb-forms-email-input uagb-forms-input\" placeholder=\"your@email.com\" required name=\"7a7a85dd\" autocomplete=\"email\"\/><\/div>\n\n\n\n<div class=\"wp-block-uagb-forms-textarea uagb-forms-textarea-wrap uagb-forms-field-set uagb-block-4451ffe5\"><div class=\"uagb-forms-textarea-label required uagb-forms-input-label\" id=\"4451ffe5\">Message<\/div><textarea required class=\"uagb-forms-textarea-input uagb-forms-input\" rows=\"8\" placeholder=\"Your message...\" name=\"4451ffe5\" autocomplete=\"off\"><\/textarea><\/div>\n<div class=\"uagb-forms-form-hidden-data\"><input type=\"hidden\" class=\"uagb_forms_form_label\" value=\"Spectra Form\"\/><input type=\"hidden\" class=\"uagb_forms_form_id\" value=\"uagb-form-4a751392\"\/><\/div><div class=\"uagb-form-reacaptcha-error-4a751392\"><\/div><div class=\"uagb-forms-main-submit-button-wrap wp-block-button\"><button class=\"uagb-forms-main-submit-button wp-block-button__link\"><div class=\"uagb-forms-main-submit-button-text\">SEND<\/div><\/button><\/div><input type=\"hidden\" name=\"trp-form-language\" value=\"en\"\/><\/form><div class=\"uagb-forms-success-message-4a751392 uagb-forms-submit-message-hide\"><span>The form has been submitted successfully!<\/span><\/div><div class=\"uagb-forms-failed-message-4a751392 uagb-forms-submit-message-hide\"><span>There has been some error while submitting the form. Please verify all form fields again.<\/span><\/div><\/div>\n<\/div>\n\n\n\n<div class=\"wp-block-uagb-container uagb-block-e4ff0f12 alignfull uagb-is-root-container\"><div class=\"uagb-container-inner-blocks-wrap\">\n<div class=\"wp-block-uagb-container uagb-block-9852b64b\">\n<div class=\"wp-block-uagb-info-box uagb-block-fc5a7cd0 uagb-infobox__content-wrap  uagb-infobox-icon-left-title uagb-infobox-left uagb-infobox-image-valign-top\"><div class=\"uagb-ifb-content\"><div class=\"uagb-ifb-left-title-image\"><div class=\"uagb-ifb-icon-wrap\"><svg xmlns=\"https:\/\/www.w3.org\/2000\/svg\" viewbox=\"0 0 576 512\"><path d=\"M575.8 255.5C575.8 273.5 560.8 287.6 543.8 287.6H511.8L512.5 447.7C512.5 450.5 512.3 453.1 512 455.8V472C512 494.1 494.1 512 472 512H456C454.9 512 453.8 511.1 452.7 511.9C451.3 511.1 449.9 512 448.5 512H392C369.9 512 352 494.1 352 472V384C352 366.3 337.7 352 320 352H256C238.3 352 224 366.3 224 384V472C224 494.1 206.1 512 184 512H128.1C126.6 512 125.1 511.9 123.6 511.8C122.4 511.9 121.2 512 120 512H104C81.91 512 64 494.1 64 472V360C64 359.1 64.03 358.1 64.09 357.2V287.6H32.05C14.02 287.6 0 273.5 0 255.5C0 246.5 3.004 238.5 10.01 231.5L266.4 8.016C273.4 1.002 281.4 0 288.4 0C295.4 0 303.4 2.004 309.5 7.014L564.8 231.5C572.8 238.5 576.9 246.5 575.8 255.5L575.8 255.5z\"><\/path><\/svg><\/div><div class=\"uagb-ifb-title-wrap\"><h3 class=\"uagb-ifb-title\">Address<\/h3><\/div><\/div><p class=\"uagb-ifb-desc\">Kancelaria Radcy Prawnego Katarzyna Miko\u0142ajczyk<br>ul. Jesionowa 9A<br>40-159 Katowice<br>NIP: 631 251 61 71<br>REGON: 521064643<\/p><\/div><\/div>\n<\/div>\n\n\n\n<div class=\"wp-block-uagb-container uagb-block-c068b8d0\">\n<div class=\"wp-block-uagb-info-box uagb-block-7ecd5b1a uagb-infobox__content-wrap  uagb-infobox-icon-left-title uagb-infobox-left uagb-infobox-image-valign-top\"><div class=\"uagb-ifb-content\"><div class=\"uagb-ifb-left-title-image\"><div class=\"uagb-ifb-icon-wrap\"><svg xmlns=\"https:\/\/www.w3.org\/2000\/svg\" viewbox=\"0 0 512 512\"><path d=\"M511.2 387l-23.25 100.8c-3.266 14.25-15.79 24.22-30.46 24.22C205.2 512 0 306.8 0 54.5c0-14.66 9.969-27.2 24.22-30.45l100.8-23.25C139.7-2.602 154.7 5.018 160.8 18.92l46.52 108.5c5.438 12.78 1.77 27.67-8.98 36.45L144.5 207.1c33.98 69.22 90.26 125.5 159.5 159.5l44.08-53.8c8.688-10.78 23.69-14.51 36.47-8.975l108.5 46.51C506.1 357.2 514.6 372.4 511.2 387z\"><\/path><\/svg><\/div><div class=\"uagb-ifb-title-wrap\"><h3 class=\"uagb-ifb-title\">Contact<\/h3><\/div><\/div><p class=\"uagb-ifb-desc\">Phone: +48 506 668 754<br>Email: katarzyna.mikolajczyk@legal-km.pl<br><br><\/p><\/div><\/div>\n<\/div>\n\n\n\n<div class=\"wp-block-uagb-container uagb-block-036b91aa\">\n<div class=\"wp-block-uagb-icon-list uagb-block-5e781ae9\"><div class=\"uagb-icon-list__wrap\">\n<div class=\"wp-block-uagb-icon-list-child uagb-block-0b095f43\"><a target=\"_self\" aria-label=\"Cookie Policy\" rel=\"noopener noreferrer\" href=\"\/en\/polityka-plikow-cookies-eu\/\"> <\/a><span class=\"uagb-icon-list__label\">Cookie Policy<\/span><\/div>\n\n\n\n<div class=\"wp-block-uagb-icon-list-child uagb-block-83e7fc2a\"><a target=\"_self\" aria-label=\"Privacy Policy\" rel=\"noopener noreferrer\" href=\"\/en\/polityka-prywatnosci\/\"> <\/a><span class=\"uagb-icon-list__label\">Privacy Policy<\/span><\/div>\n<\/div><\/div>\n<\/div>\n<\/div><\/div>\n<\/div>","protected":false},"excerpt":{"rendered":"<p>O kancelarii Skontaktuj si\u0119 z nami<\/p>","protected":false},"author":1,"featured_media":0,"parent":0,"menu_order":0,"comment_status":"closed","ping_status":"closed","template":"","meta":{"_uag_custom_page_level_css":"","site-sidebar-layout":"no-sidebar","site-content-layout":"plain-container","ast-site-content-layout":"normal-width-container","site-content-style":"unboxed","site-sidebar-style":"unboxed","ast-global-header-display":"","ast-banner-title-visibility":"","ast-main-header-display":"","ast-hfb-above-header-display":"","ast-hfb-below-header-display":"","ast-hfb-mobile-header-display":"","site-post-title":"disabled","ast-breadcrumbs-content":"","ast-featured-img":"disabled","footer-sml-layout":"","theme-transparent-header-meta":"enabled","adv-header-id-meta":"","stick-header-meta":"","header-above-stick-meta":"","header-main-stick-meta":"","header-below-stick-meta":"","astra-migrate-meta-layouts":"set","ast-page-background-enabled":"default","ast-page-background-meta":{"desktop":{"background-color":"var(--ast-global-color-4)","background-image":"","background-repeat":"repeat","background-position":"center center","background-size":"auto","background-attachment":"scroll","background-type":"","background-media":"","overlay-type":"","overlay-color":"","overlay-opacity":"","overlay-gradient":""},"tablet":{"background-color":"","background-image":"","background-repeat":"repeat","background-position":"center center","background-size":"auto","background-attachment":"scroll","background-type":"","background-media":"","overlay-type":"","overlay-color":"","overlay-opacity":"","overlay-gradient":""},"mobile":{"background-color":"","background-image":"","background-repeat":"repeat","background-position":"center center","background-size":"auto","background-attachment":"scroll","background-type":"","background-media":"","overlay-type":"","overlay-color":"","overlay-opacity":"","overlay-gradient":""}},"ast-content-background-meta":{"desktop":{"background-color":"var(--ast-global-color-5)","background-image":"","background-repeat":"repeat","background-position":"center center","background-size":"auto","background-attachment":"scroll","background-type":"","background-media":"","overlay-type":"","overlay-color":"","overlay-opacity":"","overlay-gradient":""},"tablet":{"background-color":"var(--ast-global-color-5)","background-image":"","background-repeat":"repeat","background-position":"center center","background-size":"auto","background-attachment":"scroll","background-type":"","background-media":"","overlay-type":"","overlay-color":"","overlay-opacity":"","overlay-gradient":""},"mobile":{"background-color":"var(--ast-global-color-5)","background-image":"","background-repeat":"repeat","background-position":"center center","background-size":"auto","background-attachment":"scroll","background-type":"","background-media":"","overlay-type":"","overlay-color":"","overlay-opacity":"","overlay-gradient":""}},"footnotes":""},"class_list":["post-66","page","type-page","status-publish","hentry"],"yoast_head":"<!-- This site is optimized with the Yoast SEO plugin v24.3 - https:\/\/yoast.com\/wordpress\/plugins\/seo\/ -->\n<title>O kancelarii - Radca prawny Katarzyna Miko\u0142ajczyk<\/title>\n<meta name=\"description\" content=\"Kancelaria Radcy Prawnego Katarzyna Miko\u0142ajczyk oferuje specjalistyczn\u0105 obs\u0142ug\u0119 prawn\u0105 przedsi\u0119biorc\u00f3w i klient\u00f3w indywidualnych w wielu dziedzinach prawa.\" \/>\n<meta name=\"robots\" content=\"index, follow, max-snippet:-1, max-image-preview:large, max-video-preview:-1\" \/>\n<link rel=\"canonical\" href=\"https:\/\/legal-km.pl\/en\/kancelaria-radcy-prawnego-katarzyna-mikolajczyk-o-kancelarii\/\" \/>\n<meta property=\"og:locale\" content=\"en_US\" \/>\n<meta property=\"og:type\" content=\"article\" \/>\n<meta property=\"og:title\" content=\"O kancelarii - Radca prawny Katarzyna Miko\u0142ajczyk\" \/>\n<meta property=\"og:description\" content=\"Kancelaria Radcy Prawnego Katarzyna Miko\u0142ajczyk oferuje specjalistyczn\u0105 obs\u0142ug\u0119 prawn\u0105 przedsi\u0119biorc\u00f3w i klient\u00f3w indywidualnych w wielu dziedzinach prawa.\" \/>\n<meta property=\"og:url\" content=\"https:\/\/legal-km.pl\/en\/kancelaria-radcy-prawnego-katarzyna-mikolajczyk-o-kancelarii\/\" \/>\n<meta property=\"og:site_name\" content=\"Radca prawny Katarzyna Miko\u0142ajczyk\" \/>\n<meta property=\"article:modified_time\" content=\"2026-03-02T19:11:43+00:00\" \/>\n<meta property=\"og:image\" content=\"https:\/\/legal-km.pl\/wp-content\/uploads\/2024\/06\/a7-cropped.webp\" \/>\n<meta name=\"twitter:card\" content=\"summary_large_image\" \/>\n<meta name=\"twitter:label1\" content=\"Est. reading time\" \/>\n\t<meta name=\"twitter:data1\" content=\"1 minute\" \/>\n<script type=\"application\/ld+json\" class=\"yoast-schema-graph\">{\"@context\":\"https:\/\/schema.org\",\"@graph\":[{\"@type\":\"WebPage\",\"@id\":\"https:\/\/legal-km.pl\/kancelaria-radcy-prawnego-katarzyna-mikolajczyk-o-kancelarii\/\",\"url\":\"https:\/\/legal-km.pl\/kancelaria-radcy-prawnego-katarzyna-mikolajczyk-o-kancelarii\/\",\"name\":\"O kancelarii - Radca prawny Katarzyna Miko\u0142ajczyk\",\"isPartOf\":{\"@id\":\"https:\/\/legal-km.pl\/#website\"},\"primaryImageOfPage\":{\"@id\":\"https:\/\/legal-km.pl\/kancelaria-radcy-prawnego-katarzyna-mikolajczyk-o-kancelarii\/#primaryimage\"},\"image\":{\"@id\":\"https:\/\/legal-km.pl\/kancelaria-radcy-prawnego-katarzyna-mikolajczyk-o-kancelarii\/#primaryimage\"},\"thumbnailUrl\":\"https:\/\/legal-km.pl\/wp-content\/uploads\/2024\/06\/a7-cropped.webp\",\"datePublished\":\"2024-06-07T12:06:46+00:00\",\"dateModified\":\"2026-03-02T19:11:43+00:00\",\"description\":\"Kancelaria Radcy Prawnego Katarzyna Miko\u0142ajczyk oferuje specjalistyczn\u0105 obs\u0142ug\u0119 prawn\u0105 przedsi\u0119biorc\u00f3w i klient\u00f3w indywidualnych w wielu dziedzinach prawa.\",\"breadcrumb\":{\"@id\":\"https:\/\/legal-km.pl\/kancelaria-radcy-prawnego-katarzyna-mikolajczyk-o-kancelarii\/#breadcrumb\"},\"inLanguage\":\"en-US\",\"potentialAction\":[{\"@type\":\"ReadAction\",\"target\":[\"https:\/\/legal-km.pl\/kancelaria-radcy-prawnego-katarzyna-mikolajczyk-o-kancelarii\/\"]}]},{\"@type\":\"ImageObject\",\"inLanguage\":\"en-US\",\"@id\":\"https:\/\/legal-km.pl\/kancelaria-radcy-prawnego-katarzyna-mikolajczyk-o-kancelarii\/#primaryimage\",\"url\":\"https:\/\/legal-km.pl\/wp-content\/uploads\/2024\/06\/a7-cropped.webp\",\"contentUrl\":\"https:\/\/legal-km.pl\/wp-content\/uploads\/2024\/06\/a7-cropped.webp\"},{\"@type\":\"BreadcrumbList\",\"@id\":\"https:\/\/legal-km.pl\/kancelaria-radcy-prawnego-katarzyna-mikolajczyk-o-kancelarii\/#breadcrumb\",\"itemListElement\":[{\"@type\":\"ListItem\",\"position\":1,\"name\":\"Strona g\u0142\u00f3wna\",\"item\":\"https:\/\/legal-km.pl\/\"},{\"@type\":\"ListItem\",\"position\":2,\"name\":\"O kancelarii\"}]},{\"@type\":\"WebSite\",\"@id\":\"https:\/\/legal-km.pl\/#website\",\"url\":\"https:\/\/legal-km.pl\/\",\"name\":\"Kancelaria radcy prawnego Katarzyna Miko\u0142ajczyk | Radca prawny, pomoc prawnicza - Gliwice\",\"description\":\"\",\"publisher\":{\"@id\":\"https:\/\/legal-km.pl\/#organization\"},\"potentialAction\":[{\"@type\":\"SearchAction\",\"target\":{\"@type\":\"EntryPoint\",\"urlTemplate\":\"https:\/\/legal-km.pl\/?s={search_term_string}\"},\"query-input\":{\"@type\":\"PropertyValueSpecification\",\"valueRequired\":true,\"valueName\":\"search_term_string\"}}],\"inLanguage\":\"en-US\"},{\"@type\":\"Organization\",\"@id\":\"https:\/\/legal-km.pl\/#organization\",\"name\":\"Kancelaria radcy prawnego Katarzyna Miko\u0142ajczyk\",\"url\":\"https:\/\/legal-km.pl\/\",\"logo\":{\"@type\":\"ImageObject\",\"inLanguage\":\"en-US\",\"@id\":\"https:\/\/legal-km.pl\/#\/schema\/logo\/image\/\",\"url\":\"https:\/\/legal-km.pl\/wp-content\/uploads\/2024\/06\/KM_pion_gold.png\",\"contentUrl\":\"https:\/\/legal-km.pl\/wp-content\/uploads\/2024\/06\/KM_pion_gold.png\",\"width\":8334,\"height\":8334,\"caption\":\"Kancelaria radcy prawnego Katarzyna Miko\u0142ajczyk\"},\"image\":{\"@id\":\"https:\/\/legal-km.pl\/#\/schema\/logo\/image\/\"},\"sameAs\":[\"https:\/\/www.linkedin.com\/in\/katarzyna-mikolajczyk\"]}]}<\/script>\n<!-- \/ Yoast SEO plugin. -->","yoast_head_json":{"title":"O kancelarii - Radca prawny Katarzyna Miko\u0142ajczyk","description":"We offer specialized legal services for entrepreneurs and individual clients in many areas of law.","robots":{"index":"index","follow":"follow","max-snippet":"max-snippet:-1","max-image-preview":"max-image-preview:large","max-video-preview":"max-video-preview:-1"},"canonical":"https:\/\/legal-km.pl\/en\/kancelaria-radcy-prawnego-katarzyna-mikolajczyk-o-kancelarii\/","og_locale":"en_US","og_type":"article","og_title":"O kancelarii - Radca prawny Katarzyna Miko\u0142ajczyk","og_description":"Kancelaria Radcy Prawnego Katarzyna Miko\u0142ajczyk oferuje specjalistyczn\u0105 obs\u0142ug\u0119 prawn\u0105 przedsi\u0119biorc\u00f3w i klient\u00f3w indywidualnych w wielu dziedzinach prawa.","og_url":"https:\/\/legal-km.pl\/en\/kancelaria-radcy-prawnego-katarzyna-mikolajczyk-o-kancelarii\/","og_site_name":"Radca prawny Katarzyna Miko\u0142ajczyk","article_modified_time":"2026-03-02T19:11:43+00:00","og_image":[{"url":"https:\/\/legal-km.pl\/wp-content\/uploads\/2024\/06\/a7-cropped.webp","type":"","width":"","height":""}],"twitter_card":"summary_large_image","twitter_misc":{"Est. reading time":"1 minute"},"schema":{"@context":"https:\/\/schema.org","@graph":[{"@type":"WebPage","@id":"https:\/\/legal-km.pl\/kancelaria-radcy-prawnego-katarzyna-mikolajczyk-o-kancelarii\/","url":"https:\/\/legal-km.pl\/kancelaria-radcy-prawnego-katarzyna-mikolajczyk-o-kancelarii\/","name":"O kancelarii - Radca prawny Katarzyna Miko\u0142ajczyk","isPartOf":{"@id":"https:\/\/legal-km.pl\/#website"},"primaryImageOfPage":{"@id":"https:\/\/legal-km.pl\/kancelaria-radcy-prawnego-katarzyna-mikolajczyk-o-kancelarii\/#primaryimage"},"image":{"@id":"https:\/\/legal-km.pl\/kancelaria-radcy-prawnego-katarzyna-mikolajczyk-o-kancelarii\/#primaryimage"},"thumbnailUrl":"https:\/\/legal-km.pl\/wp-content\/uploads\/2024\/06\/a7-cropped.webp","datePublished":"2024-06-07T12:06:46+00:00","dateModified":"2026-03-02T19:11:43+00:00","description":"We offer specialized legal services for entrepreneurs and individual clients in many areas of law.","breadcrumb":{"@id":"https:\/\/legal-km.pl\/kancelaria-radcy-prawnego-katarzyna-mikolajczyk-o-kancelarii\/#breadcrumb"},"inLanguage":"en-US","potentialAction":[{"@type":"ReadAction","target":["https:\/\/legal-km.pl\/kancelaria-radcy-prawnego-katarzyna-mikolajczyk-o-kancelarii\/"]}]},{"@type":"ImageObject","inLanguage":"en-US","@id":"https:\/\/legal-km.pl\/kancelaria-radcy-prawnego-katarzyna-mikolajczyk-o-kancelarii\/#primaryimage","url":"https:\/\/legal-km.pl\/wp-content\/uploads\/2024\/06\/a7-cropped.webp","contentUrl":"https:\/\/legal-km.pl\/wp-content\/uploads\/2024\/06\/a7-cropped.webp"},{"@type":"BreadcrumbList","@id":"https:\/\/legal-km.pl\/kancelaria-radcy-prawnego-katarzyna-mikolajczyk-o-kancelarii\/#breadcrumb","itemListElement":[{"@type":"ListItem","position":1,"name":"Strona g\u0142\u00f3wna","item":"https:\/\/legal-km.pl\/"},{"@type":"ListItem","position":2,"name":"O kancelarii"}]},{"@type":"WebSite","@id":"https:\/\/legal-km.pl\/#website","url":"https:\/\/legal-km.pl\/","name":"Kancelaria radcy prawnego Katarzyna Miko\u0142ajczyk | Radca prawny, pomoc prawnicza - Gliwice","description":"","publisher":{"@id":"https:\/\/legal-km.pl\/#organization"},"potentialAction":[{"@type":"SearchAction","target":{"@type":"EntryPoint","urlTemplate":"https:\/\/legal-km.pl\/?s={search_term_string}"},"query-input":{"@type":"PropertyValueSpecification","valueRequired":true,"valueName":"search_term_string"}}],"inLanguage":"en-US"},{"@type":"Organization","@id":"https:\/\/legal-km.pl\/#organization","name":"Kancelaria radcy prawnego Katarzyna Miko\u0142ajczyk","url":"https:\/\/legal-km.pl\/","logo":{"@type":"ImageObject","inLanguage":"en-US","@id":"https:\/\/legal-km.pl\/#\/schema\/logo\/image\/","url":"https:\/\/legal-km.pl\/wp-content\/uploads\/2024\/06\/KM_pion_gold.png","contentUrl":"https:\/\/legal-km.pl\/wp-content\/uploads\/2024\/06\/KM_pion_gold.png","width":8334,"height":8334,"caption":"Kancelaria radcy prawnego Katarzyna Miko\u0142ajczyk"},"image":{"@id":"https:\/\/legal-km.pl\/#\/schema\/logo\/image\/"},"sameAs":["https:\/\/www.linkedin.com\/in\/katarzyna-mikolajczyk"]}]}},"uagb_featured_image_src":{"full":false,"thumbnail":false,"medium":false,"medium_large":false,"large":false,"1536x1536":false,"2048x2048":false,"trp-custom-language-flag":false},"uagb_author_info":{"display_name":"Szymon Zelent","author_link":"https:\/\/legal-km.pl\/en\/author\/szezilla\/"},"uagb_comment_info":0,"uagb_excerpt":"O kancelarii Skontaktuj si\u0119 z nami","_links":{"self":[{"href":"https:\/\/legal-km.pl\/en\/wp-json\/wp\/v2\/pages\/66"}],"collection":[{"href":"https:\/\/legal-km.pl\/en\/wp-json\/wp\/v2\/pages"}],"about":[{"href":"https:\/\/legal-km.pl\/en\/wp-json\/wp\/v2\/types\/page"}],"author":[{"embeddable":true,"href":"https:\/\/legal-km.pl\/en\/wp-json\/wp\/v2\/users\/1"}],"replies":[{"embeddable":true,"href":"https:\/\/legal-km.pl\/en\/wp-json\/wp\/v2\/comments?post=66"}],"version-history":[{"count":9,"href":"https:\/\/legal-km.pl\/en\/wp-json\/wp\/v2\/pages\/66\/revisions"}],"predecessor-version":[{"id":1162,"href":"https:\/\/legal-km.pl\/en\/wp-json\/wp\/v2\/pages\/66\/revisions\/1162"}],"wp:attachment":[{"href":"https:\/\/legal-km.pl\/en\/wp-json\/wp\/v2\/media?parent=66"}],"curies":[{"name":"wp","href":"https:\/\/api.w.org\/{rel}","templated":true}]}}