{"id":3,"date":"2024-06-07T13:26:19","date_gmt":"2024-06-07T11:26:19","guid":{"rendered":"https:\/\/legal-km.pl\/?page_id=3"},"modified":"2026-01-10T18:10:24","modified_gmt":"2026-01-10T17:10:24","slug":"polityka-prywatnosci","status":"publish","type":"page","link":"https:\/\/legal-km.pl\/en\/polityka-prywatnosci\/","title":{"rendered":"Privacy Policy"},"content":{"rendered":"<h2 class=\"wp-block-heading\">This privacy policy describes how we process information about you, including personal information and cookies, or \u201ccookies.<\/h2>\n\n\n\n<hr class=\"wp-block-separator has-alpha-channel-opacity\"\/>\n\n\n\n<h2 class=\"wp-block-heading\">1. general information<\/h2>\n\n\n\n<ol class=\"wp-block-list\">\n<li>This policy applies to the Website, operating at url:&nbsp;<strong>legal-km.pl<\/strong><\/li>\n\n\n\n<li>Operatorem serwisu oraz Administratorem danych osobowych jest: Kancelaria Radcy Prawnego Katarzyna Miko\u0142ajczyk przy al. Wojciecha Korfantego 125A, 40-156 Katowice<\/li>\n\n\n\n<li>Operator's e-mail contact address: biuro@legal-km.pl<\/li>\n\n\n\n<li>The Operator is the Administrator of your personal data with regard to the data provided voluntarily on the Website.<\/li>\n\n\n\n<li>The Website uses personal data for the following purposes:\n<ul class=\"wp-block-list\">\n<li>Handling inquiries through the form<\/li>\n<\/ul>\n<\/li>\n\n\n\n<li>The Service performs functions of obtaining information about users and their behavior in the following ways:\n<ol class=\"wp-block-list\">\n<li>Through the data voluntarily entered in the forms, which are entered into the Operator's systems.<\/li>\n\n\n\n<li>2 Selected data protection methods used by the Operator<\/li>\n<\/ol>\n<\/li>\n<\/ol>\n\n\n\n<h2 class=\"wp-block-heading\">2 Selected data protection methods used by the Operator<\/h2>\n\n\n\n<ol class=\"wp-block-list\">\n<li>The login and personal data entry sites are protected in the transmission layer (SSL certificate). This ensures that personal and login data entered on the site are encrypted on the user's computer and can only be read on the target server.<\/li>\n\n\n\n<li>The operator periodically changes his administrative passwords.<\/li>\n\n\n\n<li>An important element of data protection is the regular updating of all software used by the Operator to process personal data, which in particular means regular updates of software components.<\/li>\n<\/ol>\n\n\n\n<h2 class=\"wp-block-heading\">3. Hosting<\/h2>\n\n\n\n<ol class=\"wp-block-list\">\n<li>The service is hosted (technically maintained) on the servers of the operator: another company<\/li>\n\n\n\n<li>The hosting company, in order to ensure technical reliability, keeps logs at the server level. The record may be subject to:\n<ul class=\"wp-block-list\">\n<li>resources specified by URL identifier (addresses of requested resources - pages, files),<\/li>\n\n\n\n<li>time of arrival of the request,<\/li>\n\n\n\n<li>time of sending the response,<\/li>\n\n\n\n<li>the name of the client station - identification carried out by the HTTP protocol,<\/li>\n\n\n\n<li>information about errors that occurred during the execution of HTTP transactions,<\/li>\n\n\n\n<li>URL address of the page previously visited by the user (referer link) - in case the passage to the Site occurred through a link,<\/li>\n\n\n\n<li>information about the user's browser,<\/li>\n\n\n\n<li>information about the IP address,<\/li>\n\n\n\n<li>diagnostic information related to the process of self-ordering of services through registrars on the site,<\/li>\n\n\n\n<li>information related to the handling of e-mails addressed to the Operator and sent by the Operator.<\/li>\n<\/ul>\n<\/li>\n<\/ol>\n\n\n\n<h2 class=\"wp-block-heading\">Your rights and additional information on how your data will be used<\/h2>\n\n\n\n<ol class=\"wp-block-list\">\n<li>In certain situations, the Administrator has the right to transfer your personal data to other recipients if this is necessary for the performance of a contract concluded with you or for the fulfillment of obligations incumbent on the Administrator. This applies to such groups of recipients:\n<ul class=\"wp-block-list\">\n<li>persons authorized by us, employees and associates who need to have access to personal data in order to perform their duties,<\/li>\n\n\n\n<li>hosting company,<\/li>\n\n\n\n<li>companies that handle mailings,<\/li>\n\n\n\n<li>companies handling SMS messages,<\/li>\n\n\n\n<li>companies with which the Administrator cooperates in its own marketing,<\/li>\n\n\n\n<li>couriers,<\/li>\n\n\n\n<li>insurers<\/li>\n\n\n\n<li>law firms and debt collectors,<\/li>\n\n\n\n<li>banks,<\/li>\n\n\n\n<li>payment operators,<\/li>\n\n\n\n<li>public authorities.<\/li>\n<\/ul>\n<\/li>\n\n\n\n<li>Your personal data processed by the Administrator no longer than it is necessary to perform the related activities specified by separate regulations (e.g. on accounting). With regard to marketing data, data will not be processed for longer than 3 years.<\/li>\n\n\n\n<li>You have the right to request from the Administrator:\n<ul class=\"wp-block-list\">\n<li>access to personal data concerning you,<\/li>\n\n\n\n<li>their rectification,<\/li>\n\n\n\n<li>deletion,<\/li>\n\n\n\n<li>limitation of processing,<\/li>\n\n\n\n<li>and data portability.<\/li>\n<\/ul>\n<\/li>\n\n\n\n<li>You have the right to object, with respect to the processing indicated in Section 3.2, to the processing of your personal data for the purpose of carrying out the legitimate interests pursued by the Administrator, including profiling, with the right to object not being exercisable if there are valid legitimate grounds for the processing, overriding your interests, rights and freedoms, in particular the establishment, assertion or defense of claims.<\/li>\n\n\n\n<li>You may complain about the Administrator's actions to the President of the Office for Personal Data Protection, 2 Stawki Street, 00-193 Warsaw.<\/li>\n\n\n\n<li>Providing personal data is voluntary, but necessary to operate the Service.<\/li>\n\n\n\n<li>Automated decision-making, including profiling for the purpose of providing services under the concluded agreement and for the purpose of direct marketing by the Administrator, may be undertaken in relation to you.<\/li>\n\n\n\n<li>Personal data is not transferred from third countries in terms of data protection regulations. This means that we do not send them outside the European Union.<\/li>\n<\/ol>\n\n\n\n<h2 class=\"wp-block-heading\">5 Information in forms<\/h2>\n\n\n\n<ol class=\"wp-block-list\">\n<li>The Service collects information voluntarily provided by the user, including personal information, if provided.<\/li>\n\n\n\n<li>The Service may record information about connection parameters (timestamp, IP address).<\/li>\n\n\n\n<li>The Service, in some cases, may record information to facilitate linking the data in the form to the e-mail address of the user filling out the form. In this case, the e-mail address of the user appears inside the url of the page containing the form.<\/li>\n\n\n\n<li>The data provided in the form is processed for the purpose resulting from the function of the specific form, e.g. to perform the process of service request or business contact, registration of services, etc. Each time the context and description of the form clearly informs what it is used for.<\/li>\n<\/ol>\n\n\n\n<h2 class=\"wp-block-heading\">6 Administrator's Logs<\/h2>\n\n\n\n<ol class=\"wp-block-list\">\n<li>Information of users' behavior on the site may be subject to logging. This data is used to administer the service.<\/li>\n<\/ol>\n\n\n\n<h2 class=\"wp-block-heading\">7 Relevant marketing techniques<\/h2>\n\n\n\n<ol class=\"wp-block-list\">\n<li>The operator uses statistical analysis of website traffic, through Google Analytics (Google Inc., based in the USA). The operator does not transmit personal data to the operator of this service, only anonymized information. The service is based on the use of cookies on the user's terminal device. Regarding the information about the user's preferences collected by the Google advertising network, the user can view and edit the information resulting from the cookies using the tool: https:\/\/www.google.com\/ads\/preferences\/<\/li>\n\n\n\n<li>The Operator uses remarketing techniques to match advertising messages to the user's behavior on the site, which may give the illusion that the user's personal information is being used to track the user, but in practice no personal information is transferred from the Operator to advertising operators. A technological prerequisite for such activities is that cookies are enabled.<\/li>\n\n\n\n<li>The Operator uses the Facebook pixel. This technology causes Facebook (Facebook Inc. based in the USA) to know that a person registered with it is using the Service. In this case, it relies on data in relation to which it is itself an administrator; the Operator does not transfer any additional personal data from itself to Facebook. The service is based on the use of cookies on the user's terminal device.<\/li>\n\n\n\n<li>The operator uses a solution that studies user behavior by creating heat maps and recording behavior on the site. This information is anonymized before it is sent to the service operator so that the operator does not know which individual it relates to. In particular, typed passwords and other personal information are not recorded.<\/li>\n\n\n\n<li>The Operator uses a solution that automates the operation of the Service with respect to users, e.g., that may send an email to a user after visiting a particular subpage, provided that the user has agreed to receive commercial correspondence from the Operator.<\/li>\n\n\n\n<li>The Operator may use profiling within the meaning of data protection regulations<\/li>\n<\/ol>\n\n\n\n<h2 class=\"wp-block-heading\">8. information about cookies<\/h2>\n\n\n\n<ol class=\"wp-block-list\">\n<li>The Website uses cookies.<\/li>\n\n\n\n<li>Cookies (so-called \u201ccookies\u201d) are IT data, in particular text files, which are stored on the Service User's terminal equipment and are intended for use in the use of the Service's websites. Cookies usually contain the name of the website they come from, the time they are stored on the terminal equipment and a unique number.<\/li>\n\n\n\n<li>The entity placing cookies on the Service User's terminal equipment and accessing them is the Service operator.<\/li>\n\n\n\n<li>Cookies are used for the following purposes:\n<ol class=\"wp-block-list\">\n<li>maintaining a session of the Website user (after logging in), thanks to which the user does not have to re-enter his\/her login and password on each subpage of the Website;<\/li>\n\n\n\n<li>realization of the purposes specified above under \u201cImportant marketing techniques\u201d;<\/li>\n<\/ol>\n<\/li>\n\n\n\n<li>The Website uses two main types of cookies: \u201csession\u201d (session cookies) and \u2018permanent\u2019 (persistent cookies). \u201cSession\u201d cookies are temporary files that are stored on the User's terminal device until the User logs out, leaves the website or shuts down the software (web browser). \u201cPermanent\u201d cookies are stored on the User's end device for the time specified in the parameters of the cookies or until they are deleted by the User.<\/li>\n\n\n\n<li>Oprogramowanie do przegl\u0105dania stron internetowych (przegl\u0105darka internetowa) zazwyczaj domy\u015blnie dopuszcza przechowywanie plik\u00f3w cookies w urz\u0105dzeniu ko\u0144cowym U\u017cytkownika. U\u017cytkownicy Serwisu mog\u0105 dokona\u0107 zmiany ustawie\u0144 w tym zakresie.&nbsp;Przegl\u0105darka internetowa umo\u017cliwia usuni\u0119cie plik\u00f3w cookies. Mo\u017cliwe jest tak\u017ce automatyczne blokowanie plik\u00f3w cookies Szczeg\u00f3\u0142owe informacje na ten temat zawiera pomoc lub dokumentacja przegl\u0105darki internetowej.<\/li>\n\n\n\n<li>Restrictions on the use of cookies may affect some functionalities available on the Website.<\/li>\n\n\n\n<li>Cookies placed on the Website User's terminal equipment may also be used by entities cooperating with the Website Operator, in particular this concerns companies: Google (Google Inc. based in the USA), Facebook (Facebook Inc. based in the USA), Twitter (Twitter Inc. based in the USA).<\/li>\n<\/ol>\n\n\n\n<h2 class=\"wp-block-heading\">9. cookie management - how to give and withdraw consent in practice?<\/h2>\n\n\n\n<ol class=\"wp-block-list\">\n<li>Je\u015bli u\u017cytkownik nie chce otrzymywa\u0107 plik\u00f3w cookies, mo\u017ce zmieni\u0107 ustawienia przegl\u0105darki. Zastrzegamy, \u017ce wy\u0142\u0105czenie obs\u0142ugi plik\u00f3w cookies niezb\u0119dnych dla proces\u00f3w uwierzytelniania, bezpiecze\u0144stwa, utrzymania preferencji u\u017cytkownika mo\u017ce utrudni\u0107,&nbsp;a w skrajnych przypadkach mo\u017ce uniemo\u017cliwi\u0107 korzystanie ze stron www<\/li>\n\n\n\n<li>To manage your cookie settings, select the web browser you are using from the list below and follow the instructions:<ul><li><a href=\"https:\/\/support.microsoft.com\/pl-pl\/help\/10607\/microsoft-edge-view-delete-browser-history\">Edge<\/a><\/li><li><a href=\"https:\/\/support.microsoft.com\/pl-pl\/help\/278835\/how-to-delete-cookie-files-in-internet-explorer\">Internet Explorer<\/a><\/li><li><a href=\"http:\/\/support.google.com\/chrome\/bin\/answer.py?hl=pl&amp;answer=95647\">Chrome<\/a><\/li><li><a href=\"http:\/\/support.apple.com\/kb\/PH5042\">Safari<\/a><\/li><li><a href=\"http:\/\/support.mozilla.org\/pl\/kb\/W%C5%82%C4%85czanie%20i%20wy%C5%82%C4%85czanie%20obs%C5%82ugi%20ciasteczek\">Firefox<\/a><\/li><li><a href=\"http:\/\/help.opera.com\/Windows\/12.10\/pl\/cookies.html\">Opera<\/a><\/li><\/ul>Mobile Devices\n<ul class=\"wp-block-list\">\n<li><a href=\"http:\/\/support.google.com\/chrome\/bin\/answer.py?hl=pl&amp;answer=95647\">Android<\/a><\/li>\n\n\n\n<li><a href=\"http:\/\/support.apple.com\/kb\/HT1677?viewlocale=pl_PL\">Safari (iOS)<\/a><\/li>\n\n\n\n<li><a href=\"http:\/\/www.windowsphone.com\/pl-pl\/how-to\/wp7\/web\/changing-privacy-and-other-browser-settings\">Windows Phone<\/a><\/li>\n<\/ul>\n<\/li>\n<\/ol>","protected":false},"excerpt":{"rendered":"<p>Polityka prywatno\u015bci opisuje zasady przetwarzania przez nas informacji na Tw\u00f3j temat, w tym danych osobowych oraz ciasteczek, czyli tzw. cookies. 1. Informacje og\u00f3lne 2. Wybrane metody ochrony danych stosowane przez Operatora 3. Hosting 4. Twoje prawa i dodatkowe informacje o sposobie wykorzystania danych 5. Informacje w formularzach 6. Logi Administratora 7. Istotne techniki marketingowe 8. [&hellip;]<\/p>","protected":false},"author":1,"featured_media":0,"parent":0,"menu_order":0,"comment_status":"closed","ping_status":"closed","template":"","meta":{"_uag_custom_page_level_css":"","site-sidebar-layout":"default","site-content-layout":"","ast-site-content-layout":"default","site-content-style":"default","site-sidebar-style":"default","ast-global-header-display":"","ast-banner-title-visibility":"","ast-main-header-display":"","ast-hfb-above-header-display":"","ast-hfb-below-header-display":"","ast-hfb-mobile-header-display":"","site-post-title":"","ast-breadcrumbs-content":"","ast-featured-img":"","footer-sml-layout":"","theme-transparent-header-meta":"","adv-header-id-meta":"","stick-header-meta":"","header-above-stick-meta":"","header-main-stick-meta":"","header-below-stick-meta":"","astra-migrate-meta-layouts":"set","ast-page-background-enabled":"default","ast-page-background-meta":{"desktop":{"background-color":"var(--ast-global-color-4)","background-image":"","background-repeat":"repeat","background-position":"center center","background-size":"auto","background-attachment":"scroll","background-type":"","background-media":"","overlay-type":"","overlay-color":"","overlay-opacity":"","overlay-gradient":""},"tablet":{"background-color":"","background-image":"","background-repeat":"repeat","background-position":"center center","background-size":"auto","background-attachment":"scroll","background-type":"","background-media":"","overlay-type":"","overlay-color":"","overlay-opacity":"","overlay-gradient":""},"mobile":{"background-color":"","background-image":"","background-repeat":"repeat","background-position":"center center","background-size":"auto","background-attachment":"scroll","background-type":"","background-media":"","overlay-type":"","overlay-color":"","overlay-opacity":"","overlay-gradient":""}},"ast-content-background-meta":{"desktop":{"background-color":"var(--ast-global-color-5)","background-image":"","background-repeat":"repeat","background-position":"center center","background-size":"auto","background-attachment":"scroll","background-type":"","background-media":"","overlay-type":"","overlay-color":"","overlay-opacity":"","overlay-gradient":""},"tablet":{"background-color":"var(--ast-global-color-5)","background-image":"","background-repeat":"repeat","background-position":"center center","background-size":"auto","background-attachment":"scroll","background-type":"","background-media":"","overlay-type":"","overlay-color":"","overlay-opacity":"","overlay-gradient":""},"mobile":{"background-color":"var(--ast-global-color-5)","background-image":"","background-repeat":"repeat","background-position":"center center","background-size":"auto","background-attachment":"scroll","background-type":"","background-media":"","overlay-type":"","overlay-color":"","overlay-opacity":"","overlay-gradient":""}},"footnotes":""},"class_list":["post-3","page","type-page","status-publish","hentry"],"yoast_head":"<!-- This site is optimized with the Yoast SEO plugin v24.3 - https:\/\/yoast.com\/wordpress\/plugins\/seo\/ -->\n<title>Polityka prywatno\u015bci - Radca prawny Katarzyna Miko\u0142ajczyk<\/title>\n<meta name=\"robots\" content=\"index, follow, max-snippet:-1, max-image-preview:large, max-video-preview:-1\" \/>\n<link rel=\"canonical\" href=\"https:\/\/legal-km.pl\/en\/polityka-prywatnosci\/\" \/>\n<meta property=\"og:locale\" content=\"en_US\" \/>\n<meta property=\"og:type\" content=\"article\" \/>\n<meta property=\"og:title\" content=\"Polityka prywatno\u015bci - Radca prawny Katarzyna Miko\u0142ajczyk\" \/>\n<meta property=\"og:description\" content=\"Polityka prywatno\u015bci opisuje zasady przetwarzania przez nas informacji na Tw\u00f3j temat, w tym danych osobowych oraz ciasteczek, czyli tzw. cookies. 1. Informacje og\u00f3lne 2. Wybrane metody ochrony danych stosowane przez Operatora 3. Hosting 4. Twoje prawa i dodatkowe informacje o sposobie wykorzystania danych 5. Informacje w formularzach 6. Logi Administratora 7. Istotne techniki marketingowe 8. [&hellip;]\" \/>\n<meta property=\"og:url\" content=\"https:\/\/legal-km.pl\/en\/polityka-prywatnosci\/\" \/>\n<meta property=\"og:site_name\" content=\"Radca prawny Katarzyna Miko\u0142ajczyk\" \/>\n<meta property=\"article:modified_time\" content=\"2026-01-10T17:10:24+00:00\" \/>\n<meta name=\"twitter:card\" content=\"summary_large_image\" \/>\n<meta name=\"twitter:label1\" content=\"Est. reading time\" \/>\n\t<meta name=\"twitter:data1\" content=\"9 minutes\" \/>\n<script type=\"application\/ld+json\" class=\"yoast-schema-graph\">{\"@context\":\"https:\/\/schema.org\",\"@graph\":[{\"@type\":\"WebPage\",\"@id\":\"https:\/\/legal-km.pl\/polityka-prywatnosci\/\",\"url\":\"https:\/\/legal-km.pl\/polityka-prywatnosci\/\",\"name\":\"Polityka prywatno\u015bci - Radca prawny Katarzyna Miko\u0142ajczyk\",\"isPartOf\":{\"@id\":\"https:\/\/legal-km.pl\/#website\"},\"datePublished\":\"2024-06-07T11:26:19+00:00\",\"dateModified\":\"2026-01-10T17:10:24+00:00\",\"breadcrumb\":{\"@id\":\"https:\/\/legal-km.pl\/polityka-prywatnosci\/#breadcrumb\"},\"inLanguage\":\"en-US\",\"potentialAction\":[{\"@type\":\"ReadAction\",\"target\":[\"https:\/\/legal-km.pl\/polityka-prywatnosci\/\"]}]},{\"@type\":\"BreadcrumbList\",\"@id\":\"https:\/\/legal-km.pl\/polityka-prywatnosci\/#breadcrumb\",\"itemListElement\":[{\"@type\":\"ListItem\",\"position\":1,\"name\":\"Strona g\u0142\u00f3wna\",\"item\":\"https:\/\/legal-km.pl\/\"},{\"@type\":\"ListItem\",\"position\":2,\"name\":\"Polityka prywatno\u015bci\"}]},{\"@type\":\"WebSite\",\"@id\":\"https:\/\/legal-km.pl\/#website\",\"url\":\"https:\/\/legal-km.pl\/\",\"name\":\"Kancelaria radcy prawnego Katarzyna Miko\u0142ajczyk | Radca prawny, pomoc prawnicza - Gliwice\",\"description\":\"\",\"publisher\":{\"@id\":\"https:\/\/legal-km.pl\/#organization\"},\"potentialAction\":[{\"@type\":\"SearchAction\",\"target\":{\"@type\":\"EntryPoint\",\"urlTemplate\":\"https:\/\/legal-km.pl\/?s={search_term_string}\"},\"query-input\":{\"@type\":\"PropertyValueSpecification\",\"valueRequired\":true,\"valueName\":\"search_term_string\"}}],\"inLanguage\":\"en-US\"},{\"@type\":\"Organization\",\"@id\":\"https:\/\/legal-km.pl\/#organization\",\"name\":\"Kancelaria radcy prawnego Katarzyna Miko\u0142ajczyk\",\"url\":\"https:\/\/legal-km.pl\/\",\"logo\":{\"@type\":\"ImageObject\",\"inLanguage\":\"en-US\",\"@id\":\"https:\/\/legal-km.pl\/#\/schema\/logo\/image\/\",\"url\":\"https:\/\/legal-km.pl\/wp-content\/uploads\/2024\/06\/KM_pion_gold.png\",\"contentUrl\":\"https:\/\/legal-km.pl\/wp-content\/uploads\/2024\/06\/KM_pion_gold.png\",\"width\":8334,\"height\":8334,\"caption\":\"Kancelaria radcy prawnego Katarzyna Miko\u0142ajczyk\"},\"image\":{\"@id\":\"https:\/\/legal-km.pl\/#\/schema\/logo\/image\/\"},\"sameAs\":[\"https:\/\/www.linkedin.com\/in\/katarzyna-mikolajczyk\"]}]}<\/script>\n<!-- \/ Yoast SEO plugin. -->","yoast_head_json":{"title":"Polityka prywatno\u015bci - Radca prawny Katarzyna Miko\u0142ajczyk","robots":{"index":"index","follow":"follow","max-snippet":"max-snippet:-1","max-image-preview":"max-image-preview:large","max-video-preview":"max-video-preview:-1"},"canonical":"https:\/\/legal-km.pl\/en\/polityka-prywatnosci\/","og_locale":"en_US","og_type":"article","og_title":"Polityka prywatno\u015bci - Radca prawny Katarzyna Miko\u0142ajczyk","og_description":"Polityka prywatno\u015bci opisuje zasady przetwarzania przez nas informacji na Tw\u00f3j temat, w tym danych osobowych oraz ciasteczek, czyli tzw. cookies. 1. Informacje og\u00f3lne 2. Wybrane metody ochrony danych stosowane przez Operatora 3. Hosting 4. Twoje prawa i dodatkowe informacje o sposobie wykorzystania danych 5. Informacje w formularzach 6. Logi Administratora 7. Istotne techniki marketingowe 8. [&hellip;]","og_url":"https:\/\/legal-km.pl\/en\/polityka-prywatnosci\/","og_site_name":"Radca prawny Katarzyna Miko\u0142ajczyk","article_modified_time":"2026-01-10T17:10:24+00:00","twitter_card":"summary_large_image","twitter_misc":{"Est. reading time":"9 minutes"},"schema":{"@context":"https:\/\/schema.org","@graph":[{"@type":"WebPage","@id":"https:\/\/legal-km.pl\/polityka-prywatnosci\/","url":"https:\/\/legal-km.pl\/polityka-prywatnosci\/","name":"Polityka prywatno\u015bci - Radca prawny Katarzyna Miko\u0142ajczyk","isPartOf":{"@id":"https:\/\/legal-km.pl\/#website"},"datePublished":"2024-06-07T11:26:19+00:00","dateModified":"2026-01-10T17:10:24+00:00","breadcrumb":{"@id":"https:\/\/legal-km.pl\/polityka-prywatnosci\/#breadcrumb"},"inLanguage":"en-US","potentialAction":[{"@type":"ReadAction","target":["https:\/\/legal-km.pl\/polityka-prywatnosci\/"]}]},{"@type":"BreadcrumbList","@id":"https:\/\/legal-km.pl\/polityka-prywatnosci\/#breadcrumb","itemListElement":[{"@type":"ListItem","position":1,"name":"Strona g\u0142\u00f3wna","item":"https:\/\/legal-km.pl\/"},{"@type":"ListItem","position":2,"name":"Polityka prywatno\u015bci"}]},{"@type":"WebSite","@id":"https:\/\/legal-km.pl\/#website","url":"https:\/\/legal-km.pl\/","name":"Kancelaria radcy prawnego Katarzyna Miko\u0142ajczyk | Radca prawny, pomoc prawnicza - Gliwice","description":"","publisher":{"@id":"https:\/\/legal-km.pl\/#organization"},"potentialAction":[{"@type":"SearchAction","target":{"@type":"EntryPoint","urlTemplate":"https:\/\/legal-km.pl\/?s={search_term_string}"},"query-input":{"@type":"PropertyValueSpecification","valueRequired":true,"valueName":"search_term_string"}}],"inLanguage":"en-US"},{"@type":"Organization","@id":"https:\/\/legal-km.pl\/#organization","name":"Kancelaria radcy prawnego Katarzyna Miko\u0142ajczyk","url":"https:\/\/legal-km.pl\/","logo":{"@type":"ImageObject","inLanguage":"en-US","@id":"https:\/\/legal-km.pl\/#\/schema\/logo\/image\/","url":"https:\/\/legal-km.pl\/wp-content\/uploads\/2024\/06\/KM_pion_gold.png","contentUrl":"https:\/\/legal-km.pl\/wp-content\/uploads\/2024\/06\/KM_pion_gold.png","width":8334,"height":8334,"caption":"Kancelaria radcy prawnego Katarzyna Miko\u0142ajczyk"},"image":{"@id":"https:\/\/legal-km.pl\/#\/schema\/logo\/image\/"},"sameAs":["https:\/\/www.linkedin.com\/in\/katarzyna-mikolajczyk"]}]}},"uagb_featured_image_src":{"full":false,"thumbnail":false,"medium":false,"medium_large":false,"large":false,"1536x1536":false,"2048x2048":false,"trp-custom-language-flag":false},"uagb_author_info":{"display_name":"Szymon Zelent","author_link":"https:\/\/legal-km.pl\/en\/author\/szezilla\/"},"uagb_comment_info":0,"uagb_excerpt":"Polityka prywatno\u015bci opisuje zasady przetwarzania przez nas informacji na Tw\u00f3j temat, w tym danych osobowych oraz ciasteczek, czyli tzw. cookies. 1. Informacje og\u00f3lne 2. Wybrane metody ochrony danych stosowane przez Operatora 3. Hosting 4. Twoje prawa i dodatkowe informacje o sposobie wykorzystania danych 5. Informacje w formularzach 6. Logi Administratora 7. Istotne techniki marketingowe 8.&hellip;","_links":{"self":[{"href":"https:\/\/legal-km.pl\/en\/wp-json\/wp\/v2\/pages\/3"}],"collection":[{"href":"https:\/\/legal-km.pl\/en\/wp-json\/wp\/v2\/pages"}],"about":[{"href":"https:\/\/legal-km.pl\/en\/wp-json\/wp\/v2\/types\/page"}],"author":[{"embeddable":true,"href":"https:\/\/legal-km.pl\/en\/wp-json\/wp\/v2\/users\/1"}],"replies":[{"embeddable":true,"href":"https:\/\/legal-km.pl\/en\/wp-json\/wp\/v2\/comments?post=3"}],"version-history":[{"count":4,"href":"https:\/\/legal-km.pl\/en\/wp-json\/wp\/v2\/pages\/3\/revisions"}],"predecessor-version":[{"id":1143,"href":"https:\/\/legal-km.pl\/en\/wp-json\/wp\/v2\/pages\/3\/revisions\/1143"}],"wp:attachment":[{"href":"https:\/\/legal-km.pl\/en\/wp-json\/wp\/v2\/media?parent=3"}],"curies":[{"name":"wp","href":"https:\/\/api.w.org\/{rel}","templated":true}]}}